{"id":99,"date":"2011-10-10T16:20:11","date_gmt":"2011-10-10T16:20:11","guid":{"rendered":"http:\/\/russchkola.de\/?page_id=99"},"modified":"2021-12-06T21:26:11","modified_gmt":"2021-12-06T21:26:11","slug":"impressum","status":"publish","type":"page","link":"https:\/\/russchkola.de\/?page_id=99","title":{"rendered":"Impressum"},"content":{"rendered":"<p>&#171;Lyc\u00e9e&#187; Verein zur F\u00f6rderung der russischen Kultur e.V.<br \/>\n<strong>in R\u00e4umlichkeiten der<\/strong><br \/>\nGeschwister-Scholl-Stadtteilschule<br \/>\nGl\u00fcckst\u00e4dter Weg 70<br \/>\n22549 Hamburg<\/p>\n<p><span style=\"color: #0000ff;\"><em>Post, Briefe etc. bitte nur pers\u00f6nlich an die Lehrer abgeben <\/em><em>oder per E-Mail <a style=\"color: #0000ff;\" href=\"mailto:kontakt@russchkola.de\" target=\"_blank\" rel=\"noopener noreferrer\">kontakt[at]russchkola.de<\/a> senden<\/em><\/span><\/p>\n<p><span style=\"color: #0000ff;\"><em>\u041f\u043e \u0432\u0441\u0435\u043c \u0432\u043e\u043f\u0440\u043e\u0441\u0430\u043c \u043e\u0431\u0440\u0430\u0449\u0430\u0439\u0442\u0435\u0441\u044c \u043a \u043f\u0440\u0435\u043f\u043e\u0434\u0430\u0432\u0430\u0442\u0435\u043b\u044f\u043c \u0438\u043b\u0438 \u043f\u0438\u0441\u044c\u043c\u0435\u043d\u043d\u043e:\u00a0\u00a0<a style=\"color: #0000ff;\" href=\"mailto:kontakt@russchkola.de\" target=\"_blank\" rel=\"noopener noreferrer\">kontakt[at]russchkola.de<\/a><\/em><\/span><\/p>\n<p>Telefon: +49 40 840 58 184<br \/>\nFax +49 40 840 58 186<br \/>\nE-Mail: <a href=\"mailto:kontakt@russchkola.de\">kontakt[at]russchkola.de<\/a><br \/>\nInternet: <a href=\"http:\/\/www.russchkola.de\">www.russchkola.de<\/a><\/p>\n<p>Der Verein hat seinen Sitz in Hamburg und ist in das Vereinsregister des dortigen Amtsgerichtes eingetragen.<\/p>\n<p>Vereinsregister: 18677<\/p>\n<p>Vertretungsberechtigter Vorstand:<\/p>\n<p>Alexander Rovenski (1. Vorsitzender)<br \/>\nOxana Goustov (2. Vorsitzende)<br \/>\nNatalia Lyskova (Kassenwart)<\/p>\n<p>Zust\u00e4ndiges Finanzamt: Finanzamt Hamburg-Nord<br \/>\nSteuernummer: 17\/451\/05943<\/p>\n<p>Inhaltlich Verantwortlicher gem\u00e4\u00df \u00a76 MDStV: Alexander Rovenski<\/p>\n<p><strong>Haftungsausschluss<\/strong><\/p>\n<p>Der &#171;Lyc\u00e9e&#187; Verein zur F\u00f6rderung der russischen Kultur e.V. \u00fcbernimmt keine Haftung oder Gew\u00e4hr f\u00fcr die Aktualit\u00e4t, Vollst\u00e4ndigkeit und Richtigkeit der auf dieser Website bereitgestellten Informationen. Alle Angaben sind unverbindlich. Der &#171;Lyc\u00e9e&#187; Verein zur F\u00f6rderung der russischen Kultur e.V. beh\u00e4lt sich das Recht vor, seinen Internetauftritt oder Teile davon ohne gesonderte Ank\u00fcndigung zu ver\u00e4ndern, zu erg\u00e4nzen, zu l\u00f6schen oder die Ver\u00f6ffentlichung zeitweise oder endg\u00fcltig einzustellen. Der &#171;Lyc\u00e9e&#187; Verein zur F\u00f6rderung der russischen Kultur e.V. haftet nicht f\u00fcr direkte oder indirekte Sch\u00e4den, einschlie\u00dflich entgangenen Gewinns, die aufgrund von &#8212; oder sonst wie in Verbindung mit &#8212; Informationen entstehen, die auf dieser Website bereitgehalten werden.<\/p>\n<p><strong>Haftungshinweise<\/strong><\/p>\n<p>Alle auf dieser Website gemachten Angaben sind ohne Gew\u00e4hr. Trotz sorgf\u00e4ltiger inhaltlicher Kontrolle \u00fcbernehmen wir keine Haftung f\u00fcr die Inhalte externer Links. F\u00fcr den Inhalt der verlinkten Seiten sind ausschlie\u00dflich deren Betreiber verantwortlich.<\/p>\n<p>Mit Urteil vom 12. Mai 1998 hat das Landgericht Hamburg entschieden, dass die Anbringung eines Links ggf. zur Mitverantwortung des gelinkten Inhalts f\u00fchrt. Dies kann &#8212; so das LG &#8212; nur dadurch verhindert werden, dass man ausdr\u00fccklich darauf hinweist und ggf. davon distanziert. F\u00fcr alle Links auf unseren Seiten gilt:<br \/>\nWir m\u00f6chten ausdr\u00fccklich darauf hinweisen, dass wir keinerlei Einfluss auf die Gestaltung und den Inhalt der gelinkten Seiten haben.<\/p>\n<p>Des Weiteren ist es uns nicht m\u00f6glich, alle Links permanent zu sichten, bzw. zu kontrollieren. Stellen wir fest, dass Inhalte geltendes Recht verletzen, oder werden wir durch Dritte davon in Kenntnis gesetzt, werden wir den entsprechenden Link von unserer Seite entfernen.<\/p>\n<p>Vorsorglich distanzieren wir uns ausdr\u00fccklich von allen Inhalten aller gelinkten Seiten auf unserer Website.<br \/>\nDiese Erkl\u00e4rung hat G\u00fcltigkeit f\u00fcr alle hier ausgebrachten Links und f\u00fcr alle Inhalte der Seiten, zu denen Banner und Links f\u00fchren.<\/p>\n<p>Die auf der Seite verwendeten Grafiken und Logos werden nur zur Identifikation und nicht zu kommerziellen Zwecken benutzt.<\/p>\n<p>Sie stellen au\u00dferdem nicht das Eigentum des &#171;Lyc\u00e9e&#187; Verein zur F\u00f6rderung der russischen Kultur e.V. dar.<\/p>\n","protected":false},"excerpt":{"rendered":"<p>&#171;Lyc\u00e9e&#187; Verein zur F\u00f6rderung der russischen Kultur e.V. in R\u00e4umlichkeiten der Geschwister-Scholl-Stadtteilschule Gl\u00fcckst\u00e4dter Weg 70 22549 Hamburg Post, Briefe etc. bitte nur pers\u00f6nlich an die Lehrer abgeben oder per E-Mail kontakt[at]russchkola.de senden \u041f\u043e \u0432\u0441\u0435\u043c \u0432\u043e\u043f\u0440\u043e\u0441\u0430\u043c \u043e\u0431\u0440\u0430\u0449\u0430\u0439\u0442\u0435\u0441\u044c \u043a \u043f\u0440\u0435\u043f\u043e\u0434\u0430\u0432\u0430\u0442\u0435\u043b\u044f\u043c \u0438\u043b\u0438 \u043f\u0438\u0441\u044c\u043c\u0435\u043d\u043d\u043e:\u00a0\u00a0kontakt[at]russchkola.de Telefon: +49 40 840 58 184 Fax +49 40 840 58 186 E-Mail: kontakt[at]russchkola.de Internet: &hellip; <a href=\"https:\/\/russchkola.de\/?page_id=99\" class=\"more-link\">\u0427\u0438\u0442\u0430\u0442\u044c \u0434\u0430\u043b\u0435\u0435<span class=\"screen-reader-text\"> \u00abImpressum\u00bb<\/span><\/a><\/p>\n","protected":false},"author":1,"featured_media":0,"parent":0,"menu_order":12,"comment_status":"closed","ping_status":"closed","template":"","meta":{"footnotes":""},"class_list":["post-99","page","type-page","status-publish","hentry"],"_links":{"self":[{"href":"https:\/\/russchkola.de\/index.php?rest_route=\/wp\/v2\/pages\/99","targetHints":{"allow":["GET"]}}],"collection":[{"href":"https:\/\/russchkola.de\/index.php?rest_route=\/wp\/v2\/pages"}],"about":[{"href":"https:\/\/russchkola.de\/index.php?rest_route=\/wp\/v2\/types\/page"}],"author":[{"embeddable":true,"href":"https:\/\/russchkola.de\/index.php?rest_route=\/wp\/v2\/users\/1"}],"replies":[{"embeddable":true,"href":"https:\/\/russchkola.de\/index.php?rest_route=%2Fwp%2Fv2%2Fcomments&post=99"}],"version-history":[{"count":26,"href":"https:\/\/russchkola.de\/index.php?rest_route=\/wp\/v2\/pages\/99\/revisions"}],"predecessor-version":[{"id":656,"href":"https:\/\/russchkola.de\/index.php?rest_route=\/wp\/v2\/pages\/99\/revisions\/656"}],"wp:attachment":[{"href":"https:\/\/russchkola.de\/index.php?rest_route=%2Fwp%2Fv2%2Fmedia&parent=99"}],"curies":[{"name":"wp","href":"https:\/\/api.w.org\/{rel}","templated":true}]}}